{"id":88,"date":"2024-05-22T07:53:04","date_gmt":"2024-05-22T07:53:04","guid":{"rendered":"https:\/\/themes.templatescoder.com\/sastra-addon\/demo-06\/?page_id=88"},"modified":"2025-12-10T16:56:26","modified_gmt":"2025-12-10T15:56:26","slug":"cla","status":"publish","type":"page","link":"https:\/\/equiholistic.com\/?page_id=88","title":{"rendered":"Us\u0142ugi"},"content":{"rendered":"\t\t<div data-elementor-type=\"wp-page\" data-elementor-id=\"88\" class=\"elementor elementor-88\">\n\t\t\t\t\t\t<section class=\"elementor-section elementor-top-section elementor-element elementor-element-fc022e1 elementor-section-content-middle elementor-section-boxed elementor-section-height-default elementor-section-height-default tmpcoder-particle-no tmpcoder-sticky-section-no\" data-id=\"fc022e1\" data-element_type=\"section\" data-settings=\"{&quot;background_background&quot;:&quot;classic&quot;}\">\n\t\t\t\t\t\t\t<div class=\"elementor-background-overlay\"><\/div>\n\t\t\t\t\t\t\t<div class=\"elementor-container elementor-column-gap-default\">\n\t\t\t\t\t<div class=\"elementor-column elementor-col-100 elementor-top-column elementor-element elementor-element-23a691f\" data-id=\"23a691f\" data-element_type=\"column\" data-settings=\"{&quot;animation&quot;:&quot;none&quot;,&quot;animation_mobile&quot;:&quot;fadeInUp&quot;}\">\n\t\t\t<div class=\"elementor-widget-wrap elementor-element-populated\">\n\t\t\t\t\t\t<div class=\"elementor-element elementor-element-38de329 elementor-invisible elementor-widget elementor-widget-tmpcoder_breadcrumb\" data-id=\"38de329\" data-element_type=\"widget\" data-settings=\"{&quot;_animation&quot;:&quot;fadeInUp&quot;}\" data-widget_type=\"tmpcoder_breadcrumb.default\">\n\t\t\t\t<div class=\"elementor-widget-container\">\n\t\t\t\t\t\n        <div class=\"row\">\n            <div class=\"col-md-12\">\n                <div class=\"page-banner\">\n                    <h1 class=\"sub-banner-title yes\">Us\u0142ugi<\/h1>                <\/div>\n            <\/div>\n        <\/div>\n\n        \t\t\t\t<\/div>\n\t\t\t\t<\/div>\n\t\t\t\t\t<\/div>\n\t\t<\/div>\n\t\t\t\t\t<\/div>\n\t\t<\/section>\n\t\t<div class=\"elementor-element elementor-element-99ea7ee e-flex e-con-boxed tmpcoder-jarallax-no tmpcoder-parallax-no tmpcoder-particle-no tmpcoder-sticky-section-no e-con e-parent\" data-id=\"99ea7ee\" data-element_type=\"container\">\n\t\t\t\t\t<div class=\"e-con-inner\">\n\t\t\t\t<div class=\"elementor-element elementor-element-b1cc08c elementor-widget elementor-widget-heading\" data-id=\"b1cc08c\" data-element_type=\"widget\" data-widget_type=\"heading.default\">\n\t\t\t\t\t<h2 class=\"elementor-heading-title elementor-size-default\">Zabiegi fizjoterapeutyczne przynosz\u0105 szeroki wachlarz korzy\u015bci, zar\u00f3wno w profilaktyce, jak i leczeniu wielu schorze\u0144<\/h2>\t\t\t\t<\/div>\n\t\t\t\t\t<\/div>\n\t\t\t\t<\/div>\n\t\t\t\t<section class=\"elementor-section elementor-top-section elementor-element elementor-element-c72277b elementor-section-content-middle elementor-section-boxed elementor-section-height-default elementor-section-height-default tmpcoder-particle-no tmpcoder-sticky-section-no\" data-id=\"c72277b\" data-element_type=\"section\" data-settings=\"{&quot;background_background&quot;:&quot;classic&quot;}\">\n\t\t\t\t\t\t<div class=\"elementor-container elementor-column-gap-default\">\n\t\t\t\t\t<div class=\"elementor-column elementor-col-50 elementor-top-column elementor-element elementor-element-4f608e3 elementor-invisible\" data-id=\"4f608e3\" data-element_type=\"column\" data-settings=\"{&quot;animation&quot;:&quot;fadeInLeft&quot;}\">\n\t\t\t<div class=\"elementor-widget-wrap elementor-element-populated\">\n\t\t\t\t\t\t<div class=\"elementor-element elementor-element-24d30cb elementor-widget elementor-widget-heading\" data-id=\"24d30cb\" data-element_type=\"widget\" data-widget_type=\"heading.default\">\n\t\t\t\t\t<h2 class=\"elementor-heading-title elementor-size-default\">Regularna fizjoterapia pomaga w zmniejszeniu b\u00f3lu, poprawie zakresu ruchomo\u015bci staw\u00f3w, zwi\u0119kszeniu si\u0142y mi\u0119\u015bniowej oraz przy\u015bpieszeniu procesu regeneracji po urazach czy operacjach.\n Dzi\u0119ki indywidualnie dobranym metodom terapeutycznym, mo\u017cliwe jest tak\u017ce:<\/h2>\t\t\t\t<\/div>\n\t\t\t\t<div class=\"elementor-element elementor-element-760adb2 elementor-icon-list--layout-traditional elementor-list-item-link-full_width elementor-widget elementor-widget-icon-list\" data-id=\"760adb2\" data-element_type=\"widget\" data-widget_type=\"icon-list.default\">\n\t\t\t\t\t\t\t<ul class=\"elementor-icon-list-items\">\n\t\t\t\t\t\t\t<li class=\"elementor-icon-list-item\">\n\t\t\t\t\t\t\t\t\t\t\t<span class=\"elementor-icon-list-icon\">\n\t\t\t\t\t\t\t<svg aria-hidden=\"true\" class=\"e-font-icon-svg e-fas-circle-notch\" viewBox=\"0 0 512 512\" xmlns=\"http:\/\/www.w3.org\/2000\/svg\"><path d=\"M288 39.056v16.659c0 10.804 7.281 20.159 17.686 23.066C383.204 100.434 440 171.518 440 256c0 101.689-82.295 184-184 184-101.689 0-184-82.295-184-184 0-84.47 56.786-155.564 134.312-177.219C216.719 75.874 224 66.517 224 55.712V39.064c0-15.709-14.834-27.153-30.046-23.234C86.603 43.482 7.394 141.206 8.003 257.332c.72 137.052 111.477 246.956 248.531 246.667C393.255 503.711 504 392.788 504 256c0-115.633-79.14-212.779-186.211-240.236C302.678 11.889 288 23.456 288 39.056z\"><\/path><\/svg>\t\t\t\t\t\t<\/span>\n\t\t\t\t\t\t\t\t\t\t<span class=\"elementor-icon-list-text\">Zmniejszenie napi\u0119cia mi\u0119\u015bniowego (co wp\u0142ywa na zwi\u0119kszon\u0105 wydajno\u015b\u0107 organizmu i og\u00f3lnie lepsz\u0105 sprawno\u015b\u0107 konia)<\/span>\n\t\t\t\t\t\t\t\t\t<\/li>\n\t\t\t\t\t\t\t\t<li class=\"elementor-icon-list-item\">\n\t\t\t\t\t\t\t\t\t\t\t<span class=\"elementor-icon-list-icon\">\n\t\t\t\t\t\t\t<svg aria-hidden=\"true\" class=\"e-font-icon-svg e-fas-circle-notch\" viewBox=\"0 0 512 512\" xmlns=\"http:\/\/www.w3.org\/2000\/svg\"><path d=\"M288 39.056v16.659c0 10.804 7.281 20.159 17.686 23.066C383.204 100.434 440 171.518 440 256c0 101.689-82.295 184-184 184-101.689 0-184-82.295-184-184 0-84.47 56.786-155.564 134.312-177.219C216.719 75.874 224 66.517 224 55.712V39.064c0-15.709-14.834-27.153-30.046-23.234C86.603 43.482 7.394 141.206 8.003 257.332c.72 137.052 111.477 246.956 248.531 246.667C393.255 503.711 504 392.788 504 256c0-115.633-79.14-212.779-186.211-240.236C302.678 11.889 288 23.456 288 39.056z\"><\/path><\/svg>\t\t\t\t\t\t<\/span>\n\t\t\t\t\t\t\t\t\t\t<span class=\"elementor-icon-list-text\">Poprawa postawy cia\u0142a (nieprawid\u0142owe postawy cia\u0142a mog\u0105 generowa\u0107 wiele kompensacji i zwi\u0119ksza\u0107 ryzyko powstania r\u00f3\u017cnego rodzaju kontuzji)<\/span>\n\t\t\t\t\t\t\t\t\t<\/li>\n\t\t\t\t\t\t\t\t<li class=\"elementor-icon-list-item\">\n\t\t\t\t\t\t\t\t\t\t\t<span class=\"elementor-icon-list-icon\">\n\t\t\t\t\t\t\t<svg aria-hidden=\"true\" class=\"e-font-icon-svg e-fas-circle-notch\" viewBox=\"0 0 512 512\" xmlns=\"http:\/\/www.w3.org\/2000\/svg\"><path d=\"M288 39.056v16.659c0 10.804 7.281 20.159 17.686 23.066C383.204 100.434 440 171.518 440 256c0 101.689-82.295 184-184 184-101.689 0-184-82.295-184-184 0-84.47 56.786-155.564 134.312-177.219C216.719 75.874 224 66.517 224 55.712V39.064c0-15.709-14.834-27.153-30.046-23.234C86.603 43.482 7.394 141.206 8.003 257.332c.72 137.052 111.477 246.956 248.531 246.667C393.255 503.711 504 392.788 504 256c0-115.633-79.14-212.779-186.211-240.236C302.678 11.889 288 23.456 288 39.056z\"><\/path><\/svg>\t\t\t\t\t\t<\/span>\n\t\t\t\t\t\t\t\t\t\t<span class=\"elementor-icon-list-text\">Poprawa og\u00f3lnej sprawno\u015bci fizycznej (wskutek czego polepszy si\u0119 komfort waszej wsp\u00f3\u0142pracy)<\/span>\n\t\t\t\t\t\t\t\t\t<\/li>\n\t\t\t\t\t\t<\/ul>\n\t\t\t\t\t\t<\/div>\n\t\t\t\t\t<\/div>\n\t\t<\/div>\n\t\t\t\t<div class=\"elementor-column elementor-col-50 elementor-top-column elementor-element elementor-element-e294f95 elementor-invisible\" data-id=\"e294f95\" data-element_type=\"column\" data-settings=\"{&quot;animation&quot;:&quot;fadeInRight&quot;}\">\n\t\t\t<div class=\"elementor-widget-wrap elementor-element-populated\">\n\t\t\t\t\t\t<div class=\"elementor-element elementor-element-b7810f2 elementor-widget__width-inherit elementor-widget elementor-widget-image\" data-id=\"b7810f2\" data-element_type=\"widget\" data-widget_type=\"image.default\">\n\t\t\t\t\t\t\t\t\t\t\t\t\t\t\t<img fetchpriority=\"high\" decoding=\"async\" width=\"1707\" height=\"2560\" src=\"http:\/\/equiholistic.com\/wp-content\/uploads\/2025\/10\/5IMG2220.jpg-scaled.jpeg\" class=\"attachment-full size-full wp-image-505\" alt=\"\" srcset=\"http:\/\/equiholistic.com\/wp-content\/uploads\/2025\/10\/5IMG2220.jpg-scaled.jpeg 1707w, http:\/\/equiholistic.com\/wp-content\/uploads\/2025\/10\/5IMG2220.jpg-200x300.jpeg 200w, http:\/\/equiholistic.com\/wp-content\/uploads\/2025\/10\/5IMG2220.jpg-683x1024.jpeg 683w, http:\/\/equiholistic.com\/wp-content\/uploads\/2025\/10\/5IMG2220.jpg-768x1152.jpeg 768w, http:\/\/equiholistic.com\/wp-content\/uploads\/2025\/10\/5IMG2220.jpg-1024x1536.jpeg 1024w, http:\/\/equiholistic.com\/wp-content\/uploads\/2025\/10\/5IMG2220.jpg-1365x2048.jpeg 1365w\" sizes=\"(max-width: 1707px) 100vw, 1707px\" \/>\t\t\t\t\t\t\t\t\t\t\t\t\t\t\t<\/div>\n\t\t\t\t\t<\/div>\n\t\t<\/div>\n\t\t\t\t\t<\/div>\n\t\t<\/section>\n\t\t<div class=\"elementor-element elementor-element-a0ac525 e-flex e-con-boxed tmpcoder-jarallax-no tmpcoder-parallax-no tmpcoder-particle-no tmpcoder-sticky-section-no e-con e-parent\" data-id=\"a0ac525\" data-element_type=\"container\" data-settings=\"{&quot;background_background&quot;:&quot;classic&quot;}\">\n\t\t\t\t\t<div class=\"e-con-inner\">\n\t\t\t\t<div class=\"elementor-element elementor-element-91783f5 elementor-widget elementor-widget-heading\" data-id=\"91783f5\" data-element_type=\"widget\" data-widget_type=\"heading.default\">\n\t\t\t\t\t<h2 class=\"elementor-heading-title elementor-size-default\">Kinesiotaping<\/h2>\t\t\t\t<\/div>\n\t\t\t\t\t<\/div>\n\t\t\t\t<\/div>\n\t\t<div class=\"elementor-element elementor-element-55a709d e-flex e-con-boxed tmpcoder-jarallax-no tmpcoder-parallax-no tmpcoder-particle-no tmpcoder-sticky-section-no e-con e-parent\" data-id=\"55a709d\" data-element_type=\"container\" data-settings=\"{&quot;background_background&quot;:&quot;classic&quot;}\">\n\t\t\t\t\t<div class=\"e-con-inner\">\n\t\t<div class=\"elementor-element elementor-element-58c2dbe e-con-full e-flex tmpcoder-jarallax-no tmpcoder-parallax-no tmpcoder-particle-no tmpcoder-sticky-section-no e-con e-child\" data-id=\"58c2dbe\" data-element_type=\"container\">\n\t\t\t\t<div class=\"elementor-element elementor-element-31ed4d5 elementor-widget elementor-widget-image\" data-id=\"31ed4d5\" data-element_type=\"widget\" data-widget_type=\"image.default\">\n\t\t\t\t\t\t\t\t\t\t\t\t\t\t\t<img decoding=\"async\" width=\"640\" height=\"648\" src=\"http:\/\/equiholistic.com\/wp-content\/uploads\/2025\/10\/2312312124-1011x1024.png\" class=\"attachment-large size-large wp-image-348\" alt=\"\" srcset=\"http:\/\/equiholistic.com\/wp-content\/uploads\/2025\/10\/2312312124-1011x1024.png 1011w, http:\/\/equiholistic.com\/wp-content\/uploads\/2025\/10\/2312312124-296x300.png 296w, http:\/\/equiholistic.com\/wp-content\/uploads\/2025\/10\/2312312124-768x778.png 768w, http:\/\/equiholistic.com\/wp-content\/uploads\/2025\/10\/2312312124.png 1510w\" sizes=\"(max-width: 640px) 100vw, 640px\" \/>\t\t\t\t\t\t\t\t\t\t\t\t\t\t\t<\/div>\n\t\t\t\t<\/div>\n\t\t<div class=\"elementor-element elementor-element-2841c76 e-con-full e-flex tmpcoder-jarallax-no tmpcoder-parallax-no tmpcoder-particle-no tmpcoder-sticky-section-no e-con e-child\" data-id=\"2841c76\" data-element_type=\"container\">\n\t\t\t\t<div class=\"elementor-element elementor-element-2d84d36 elementor-widget elementor-widget-text-editor\" data-id=\"2d84d36\" data-element_type=\"widget\" data-widget_type=\"text-editor.default\">\n\t\t\t\t\t\t\t\t\t<div><div><p>Kinesiotaping &#8211; To jedna z metod terapii za pomoc\u0105 ta\u015bm przylepnych, kt\u00f3ra jest i powinna by\u0107 stosowana jako dope\u0142nienie terapii, a nie g\u0142\u00f3wne jej \u017ar\u00f3d\u0142o.Zosta\u0142a wymy\u015blona w latach 70. XX wieku przez Kenzo Kase.Ma ona za zadanie :<\/p><\/div><ul><li><p>Wspiera\u0107 ruch, a nie go ogranicza\u0107.<\/p><\/li><li><p>Dzia\u0142a\u0107 ca\u0142y czas, a nie tylko podczas terapii.<\/p><\/li><li><p>Wspiera\u0107 procesy gojenia i regeneracji organizmu.<\/p><\/li><li><p>Wspomaga\u0107 remodelowanie tkanki, d\u0105\u017c\u0105c do r\u00f3wnowagi.<\/p><\/li><\/ul><\/div>\t\t\t\t\t\t\t\t<\/div>\n\t\t\t\t<\/div>\n\t\t\t\t\t<\/div>\n\t\t\t\t<\/div>\n\t\t<div class=\"elementor-element elementor-element-c1f6f6f e-flex e-con-boxed tmpcoder-jarallax-no tmpcoder-parallax-no tmpcoder-particle-no tmpcoder-sticky-section-no e-con e-parent\" data-id=\"c1f6f6f\" data-element_type=\"container\">\n\t\t\t\t\t<div class=\"e-con-inner\">\n\t\t\t\t<div class=\"elementor-element elementor-element-83b9e84 elementor-widget elementor-widget-heading\" data-id=\"83b9e84\" data-element_type=\"widget\" data-widget_type=\"heading.default\">\n\t\t\t\t\t<h2 class=\"elementor-heading-title elementor-size-default\">Ultrad\u017awi\u0119ki ( ultrasonoterapia )<\/h2>\t\t\t\t<\/div>\n\t\t\t\t\t<\/div>\n\t\t\t\t<\/div>\n\t\t<div class=\"elementor-element elementor-element-764e0ff e-flex e-con-boxed tmpcoder-jarallax-no tmpcoder-parallax-no tmpcoder-particle-no tmpcoder-sticky-section-no e-con e-parent\" data-id=\"764e0ff\" data-element_type=\"container\">\n\t\t\t\t\t<div class=\"e-con-inner\">\n\t\t\t\t<div class=\"elementor-element elementor-element-c838b3a elementor-widget elementor-widget-text-editor\" data-id=\"c838b3a\" data-element_type=\"widget\" data-widget_type=\"text-editor.default\">\n\t\t\t\t\t\t\t\t\t<div><div><p>Ultrad\u017awi\u0119ki ( ultrasonoterapia ) &#8211; To jedna z metod fizykoterapii.S\u0105 to d\u017awi\u0119ki o bardzo wysokiej cz\u0119stotliwo\u015bci, kt\u00f3re nie s\u0105 s\u0142yszalne dla ludzkiego ani ko\u0144skiego ucha.Po co si\u0119 wykonuj\u0119 ten zabieg i jakie s\u0105 jego efekty? :<\/p><\/div><ul><li><p>Pojawia si\u0119 efekt termiczny (zwi\u0119kszenie temperatury obszaru terapii).<\/p><\/li><li><p>Mikromasa\u017c okolicznych tkanek.<\/p><\/li><li><p>Przy\u015bpieszenie procesu wch\u0142aniania si\u0119 obrz\u0119k\u00f3w i przep\u0142ywu limfy.<\/p><\/li><li><p>Zwi\u0119ksza dop\u0142yw tlenu oraz sk\u0142adnik\u00f3w od\u017cywczych do tkanek.<\/p><\/li><li>Plusem jest mo\u017cliwo\u015b\u0107 pracy przy bardziej p\u0142ochliwych koniach.<\/li><\/ul><\/div>\t\t\t\t\t\t\t\t<\/div>\n\t\t\t\t\t<\/div>\n\t\t\t\t<\/div>\n\t\t<div class=\"elementor-element elementor-element-57aca47 e-flex e-con-boxed tmpcoder-jarallax-no tmpcoder-parallax-no tmpcoder-particle-no tmpcoder-sticky-section-no e-con e-parent\" data-id=\"57aca47\" data-element_type=\"container\" data-settings=\"{&quot;background_background&quot;:&quot;classic&quot;}\">\n\t\t\t\t\t<div class=\"e-con-inner\">\n\t\t\t\t<div class=\"elementor-element elementor-element-d08087b elementor-widget elementor-widget-heading\" data-id=\"d08087b\" data-element_type=\"widget\" data-widget_type=\"heading.default\">\n\t\t\t\t\t<h2 class=\"elementor-heading-title elementor-size-default\">Elektrostymulacja<\/h2>\t\t\t\t<\/div>\n\t\t\t\t\t<\/div>\n\t\t\t\t<\/div>\n\t\t<div class=\"elementor-element elementor-element-bc226ec e-grid e-con-boxed tmpcoder-jarallax-no tmpcoder-parallax-no tmpcoder-particle-no tmpcoder-sticky-section-no e-con e-parent\" data-id=\"bc226ec\" data-element_type=\"container\" data-settings=\"{&quot;background_background&quot;:&quot;classic&quot;}\">\n\t\t\t\t\t<div class=\"e-con-inner\">\n\t\t\t\t<div class=\"elementor-element elementor-element-bef425c elementor-widget elementor-widget-image\" data-id=\"bef425c\" data-element_type=\"widget\" data-widget_type=\"image.default\">\n\t\t\t\t\t\t\t\t\t\t\t\t\t\t\t<img decoding=\"async\" width=\"640\" height=\"813\" src=\"http:\/\/equiholistic.com\/wp-content\/uploads\/2025\/10\/34343434-806x1024.png\" class=\"attachment-large size-large wp-image-454\" alt=\"\" srcset=\"http:\/\/equiholistic.com\/wp-content\/uploads\/2025\/10\/34343434-806x1024.png 806w, http:\/\/equiholistic.com\/wp-content\/uploads\/2025\/10\/34343434-236x300.png 236w, http:\/\/equiholistic.com\/wp-content\/uploads\/2025\/10\/34343434-768x975.png 768w, http:\/\/equiholistic.com\/wp-content\/uploads\/2025\/10\/34343434.png 1208w\" sizes=\"(max-width: 640px) 100vw, 640px\" \/>\t\t\t\t\t\t\t\t\t\t\t\t\t\t\t<\/div>\n\t\t\t\t<div class=\"elementor-element elementor-element-0cad1a2 elementor-widget elementor-widget-text-editor\" data-id=\"0cad1a2\" data-element_type=\"widget\" data-widget_type=\"text-editor.default\">\n\t\t\t\t\t\t\t\t\t<div><div><p>Elektrostymulacja &#8211; Fizykoterapia opieraj\u0105ca si\u0119 na r\u00f3\u017cnej cz\u0119stotliwo\u015bci impulsach elektrycznych.S\u0105 r\u00f3\u017cne rodzaje pr\u0105d\u00f3w ale te 2 s\u0105 najpopularniejsze i najcz\u0119\u015bciej stosowane -TENS i EMS:<\/p><\/div><p><strong>EMS to skr\u00f3t od Electrical Muscle Stimulation i jest on stosowany g\u0142\u00f3wnie na:<\/strong><\/p><ul><li><p>Atrofie mi\u0119\u015bni.<\/p><\/li><li><p>Przywr\u00f3cenie prawid\u0142owej funkcji mi\u0119\u015bni.<\/p><\/li><li><p>Zwi\u0119kszenie kr\u0105\u017cenia krwi, transportu substancji od\u017cywczych oraz drena\u017cu limfy.<\/p><\/li><li><p>Reedukacji mi\u0119\u015bni &#8211; d\u0142u\u017csza przerwa w treningu wymaga przypomnienia mi\u0119\u015bniom \u201d co i jak\u201d.<\/p><\/li><li><p>Redukcja hipertonii mi\u0119\u015bni &#8211; Rozlu\u017anianie napi\u0119tej tkanki mi\u0119\u015bniowej.<\/p><\/li><\/ul><p><strong>TENS to skr\u00f3t od Transcutaneous Electrical Nerve Stimulation i jest on stosowany w tych przypadkach:<\/strong><\/p><ul><li><p>Nerwob\u00f3le.<\/p><\/li><li><p>Przeciwb\u00f3lowo \u2013 TENS dzia\u0142a poprzez stymulacj\u0119 w\u0142\u00f3kien czuciowych, kt\u00f3re hamuj\u0105 przewodzenie sygna\u0142\u00f3w w\u0142\u00f3kien b\u00f3lowych do o\u015brodkowego uk\u0142adu nerwowego. Dzi\u0119ki temu bod\u017ace b\u00f3lowe s\u0105 zdecydowanie mniej odczuwalne.<\/p><\/li><li><p>Zwi\u0119kszenie wydzielania substancji przeciwb\u00f3lowych &#8211; Organizm sam produkuje substancj\u0119 przeciwb\u00f3lowe (endorfiny, enkefaliny, dynorfiny itd.) a TENS pobudza ich wydzielanie, dzi\u0119ki czemu zostaj\u0119 z\u0142agodzony b\u00f3l w organizmie.<\/p><\/li><li><p>Rehabilitacja neurologiczna.<\/p><\/li><li><p>Przeciwzapalnie &#8211; Badania sugeruj\u0105, \u017ce terapia ta wp\u0142ywa na hamowanie produkcji cytokin (substancj\u0119 prozapalne w organizmie).<\/p><\/li><\/ul><\/div>\t\t\t\t\t\t\t\t<\/div>\n\t\t\t\t\t<\/div>\n\t\t\t\t<\/div>\n\t\t<div class=\"elementor-element elementor-element-834feb6 e-flex e-con-boxed tmpcoder-jarallax-no tmpcoder-parallax-no tmpcoder-particle-no tmpcoder-sticky-section-no e-con e-parent\" data-id=\"834feb6\" data-element_type=\"container\">\n\t\t\t\t\t<div class=\"e-con-inner\">\n\t\t\t\t<div class=\"elementor-element elementor-element-680b709 elementor-widget elementor-widget-heading\" data-id=\"680b709\" data-element_type=\"widget\" data-widget_type=\"heading.default\">\n\t\t\t\t\t<h2 class=\"elementor-heading-title elementor-size-default\">Laseroterapia<\/h2>\t\t\t\t<\/div>\n\t\t\t\t\t<\/div>\n\t\t\t\t<\/div>\n\t\t<div class=\"elementor-element elementor-element-f40517b e-grid e-con-boxed tmpcoder-jarallax-no tmpcoder-parallax-no tmpcoder-particle-no tmpcoder-sticky-section-no e-con e-parent\" data-id=\"f40517b\" data-element_type=\"container\">\n\t\t\t\t\t<div class=\"e-con-inner\">\n\t\t\t\t<div class=\"elementor-element elementor-element-4904b82 elementor-widget elementor-widget-image\" data-id=\"4904b82\" data-element_type=\"widget\" data-widget_type=\"image.default\">\n\t\t\t\t\t\t\t\t\t\t\t\t\t\t\t<img loading=\"lazy\" decoding=\"async\" width=\"640\" height=\"876\" src=\"http:\/\/equiholistic.com\/wp-content\/uploads\/2025\/10\/546464564-748x1024.png\" class=\"attachment-large size-large wp-image-350\" alt=\"\" srcset=\"http:\/\/equiholistic.com\/wp-content\/uploads\/2025\/10\/546464564-748x1024.png 748w, http:\/\/equiholistic.com\/wp-content\/uploads\/2025\/10\/546464564-219x300.png 219w, http:\/\/equiholistic.com\/wp-content\/uploads\/2025\/10\/546464564-768x1051.png 768w, http:\/\/equiholistic.com\/wp-content\/uploads\/2025\/10\/546464564.png 1086w\" sizes=\"(max-width: 640px) 100vw, 640px\" \/>\t\t\t\t\t\t\t\t\t\t\t\t\t\t\t<\/div>\n\t\t\t\t<div class=\"elementor-element elementor-element-3b5dc3a elementor-widget elementor-widget-text-editor\" data-id=\"3b5dc3a\" data-element_type=\"widget\" data-widget_type=\"text-editor.default\">\n\t\t\t\t\t\t\t\t\t<div><div><p>Laseroterapia &#8211; Laser to skr\u00f3t od Light Amplification by Stimulated Emission of Radiation czyli wzmocnienie \u015bwiat\u0142a przez wymuszenie emisji promieniowania.W rehabilitacji, wykorzystuj\u0119 si\u0119 promieniowanie \u015bwiat\u0142a podczerwonego i czerwonego do stymulacji r\u00f3\u017cnych proces\u00f3w w organizmie.S\u0105 dwa rodzaje, z kt\u00f3rych si\u0119 korzysta najcz\u0119\u015bciej w rehabilitacji:<\/p><\/div><ul><li><p>Laser niskoenergetyczny (inaczej biostymulacyjny, mi\u0119kki lub po prostu LLLT ) &#8211; Jest to laser o mocy do 1W i zakresem d\u0142ugo\u015bci fali od 600 do 1000 nm.Nie ma ryzyka przegrzania czy oparzenia, poniewa\u017c temperatura tkanki wzrasta o maksymalnie 1 stopie\u0144 celsjusza.Wp\u0142ywa na:<\/p><\/li><li><p>Proliferacja kom\u00f3rkowa &#8211; Namna\u017canie si\u0119 nowych kom\u00f3rek.<\/p><\/li><li><p>Regeneracja &#8211; Wspomaga procesy regeneracyjne ran i blizn.<\/p><\/li><li><p>Pobudza syntez\u0119 kolagenu i mikrokr\u0105\u017cenie.<\/p><\/li><li><p>Przeciwzapalnie &#8211; Wp\u0142yw na prozapalne substancje organizmu oraz m.in. redukcja stresu oksydacyjnego.<\/p><\/li><li><p>Zmniejszenie obrz\u0119ku i wysi\u0119ku.<\/p><\/li><\/ul><div>\u00a0<\/div><\/div>\t\t\t\t\t\t\t\t<\/div>\n\t\t\t\t\t<\/div>\n\t\t\t\t<\/div>\n\t\t<div class=\"elementor-element elementor-element-8bf8898 e-flex e-con-boxed tmpcoder-jarallax-no tmpcoder-parallax-no tmpcoder-particle-no tmpcoder-sticky-section-no e-con e-parent\" data-id=\"8bf8898\" data-element_type=\"container\" data-settings=\"{&quot;background_background&quot;:&quot;classic&quot;}\">\n\t\t\t\t\t<div class=\"e-con-inner\">\n\t\t\t\t<div class=\"elementor-element elementor-element-cb9b0e4 elementor-widget elementor-widget-heading\" data-id=\"cb9b0e4\" data-element_type=\"widget\" data-widget_type=\"heading.default\">\n\t\t\t\t\t<h2 class=\"elementor-heading-title elementor-size-default\">Kamertony<\/h2>\t\t\t\t<\/div>\n\t\t\t\t\t<\/div>\n\t\t\t\t<\/div>\n\t\t<div class=\"elementor-element elementor-element-cdda119 e-grid e-con-boxed tmpcoder-jarallax-no tmpcoder-parallax-no tmpcoder-particle-no tmpcoder-sticky-section-no e-con e-parent\" data-id=\"cdda119\" data-element_type=\"container\" data-settings=\"{&quot;background_background&quot;:&quot;classic&quot;}\">\n\t\t\t\t\t<div class=\"e-con-inner\">\n\t\t\t\t<div class=\"elementor-element elementor-element-e547aa5 elementor-widget elementor-widget-image\" data-id=\"e547aa5\" data-element_type=\"widget\" data-widget_type=\"image.default\">\n\t\t\t\t\t\t\t\t\t\t\t\t\t\t\t<img loading=\"lazy\" decoding=\"async\" width=\"640\" height=\"853\" src=\"http:\/\/equiholistic.com\/wp-content\/uploads\/2025\/10\/232323-768x1024.jpeg\" class=\"attachment-large size-large wp-image-498\" alt=\"\" srcset=\"http:\/\/equiholistic.com\/wp-content\/uploads\/2025\/10\/232323-768x1024.jpeg 768w, http:\/\/equiholistic.com\/wp-content\/uploads\/2025\/10\/232323-225x300.jpeg 225w, http:\/\/equiholistic.com\/wp-content\/uploads\/2025\/10\/232323-1152x1536.jpeg 1152w, http:\/\/equiholistic.com\/wp-content\/uploads\/2025\/10\/232323.jpeg 1536w\" sizes=\"(max-width: 640px) 100vw, 640px\" \/>\t\t\t\t\t\t\t\t\t\t\t\t\t\t\t<\/div>\n\t\t\t\t<div class=\"elementor-element elementor-element-1f9015f elementor-widget elementor-widget-text-editor\" data-id=\"1f9015f\" data-element_type=\"widget\" data-widget_type=\"text-editor.default\">\n\t\t\t\t\t\t\t\t\t<div><div><p>Kamertony &#8211; To przyrz\u0105dy muzyczne wykorzystywane do strojenia instrument\u00f3w strunowych, a tak\u017ce do terapii d\u017awi\u0119kiem zar\u00f3wno w polu fizycznym jak i psychicznym.Istniej\u0105 badania sugeruj\u0105ce ich pozytywny wp\u0142yw na zdrowie.<\/p><p><span style=\"text-align: var(--text-align); font-family: var(--theme-font-family); letter-spacing: var(--theme-letter-spacing);\"><b>Pole fizyczne :<\/b><\/span><\/p><\/div><ul><li><p>Redukcja b\u00f3lu.<\/p><\/li><li><p>Stymulacja uk\u0142adu nerwowego.<\/p><\/li><li><p>Rozlu\u017anianie mi\u0119\u015bni i powi\u0119zi.<\/p><\/li><li><p>Przywracanie r\u00f3wnowagi w tonusie mi\u0119\u015bniowym.<\/p><\/li><\/ul><p><b style=\"text-align: var(--text-align); font-family: var(--theme-font-family); letter-spacing: var(--theme-letter-spacing);\">Pole psychiczne :<\/b><\/p><ul><li><p>Stabilizacja emocjonalna.<\/p><\/li><li><p>Redukcja stresu i l\u0119ku.<\/p><\/li><li><p>Wprowadzanie w stan g\u0142\u0119bokiego relaksu.<\/p><\/li><li><p>Wyciszenie.<\/p><\/li><li><p>Poprawa koncentracji.<\/p><\/li><\/ul><\/div>\t\t\t\t\t\t\t\t<\/div>\n\t\t\t\t\t<\/div>\n\t\t\t\t<\/div>\n\t\t<div class=\"elementor-element elementor-element-68fe71e e-flex e-con-boxed tmpcoder-jarallax-no tmpcoder-parallax-no tmpcoder-particle-no tmpcoder-sticky-section-no e-con e-parent\" data-id=\"68fe71e\" data-element_type=\"container\" data-settings=\"{&quot;background_background&quot;:&quot;classic&quot;}\">\n\t\t\t\t\t<div class=\"e-con-inner\">\n\t\t\t\t\t<\/div>\n\t\t\t\t<\/div>\n\t\t\t\t<\/div>\n\t\t","protected":false},"excerpt":{"rendered":"<p>Us\u0142ugi Zabiegi fizjoterapeutyczne przynosz\u0105 szeroki wachlarz korzy\u015bci, zar\u00f3wno w profilaktyce, jak i leczeniu wielu schorze\u0144 Regularna fizjoterapia pomaga w zmniejszeniu b\u00f3lu, poprawie zakresu ruchomo\u015bci staw\u00f3w, zwi\u0119kszeniu si\u0142y mi\u0119\u015bniowej oraz przy\u015bpieszeniu procesu regeneracji po urazach czy operacjach. Dzi\u0119ki indywidualnie dobranym metodom terapeutycznym, mo\u017cliwe jest tak\u017ce: Zmniejszenie napi\u0119cia mi\u0119\u015bniowego (co wp\u0142ywa na zwi\u0119kszon\u0105 wydajno\u015b\u0107 organizmu i og\u00f3lnie [&hellip;]<\/p>\n","protected":false},"author":1,"featured_media":0,"parent":0,"menu_order":0,"comment_status":"closed","ping_status":"closed","template":"elementor_header_footer","meta":{"footnotes":""},"class_list":["post-88","page","type-page","status-publish","hentry"],"_links":{"self":[{"href":"https:\/\/equiholistic.com\/index.php?rest_route=\/wp\/v2\/pages\/88","targetHints":{"allow":["GET"]}}],"collection":[{"href":"https:\/\/equiholistic.com\/index.php?rest_route=\/wp\/v2\/pages"}],"about":[{"href":"https:\/\/equiholistic.com\/index.php?rest_route=\/wp\/v2\/types\/page"}],"author":[{"embeddable":true,"href":"https:\/\/equiholistic.com\/index.php?rest_route=\/wp\/v2\/users\/1"}],"replies":[{"embeddable":true,"href":"https:\/\/equiholistic.com\/index.php?rest_route=%2Fwp%2Fv2%2Fcomments&post=88"}],"version-history":[{"count":42,"href":"https:\/\/equiholistic.com\/index.php?rest_route=\/wp\/v2\/pages\/88\/revisions"}],"predecessor-version":[{"id":569,"href":"https:\/\/equiholistic.com\/index.php?rest_route=\/wp\/v2\/pages\/88\/revisions\/569"}],"wp:attachment":[{"href":"https:\/\/equiholistic.com\/index.php?rest_route=%2Fwp%2Fv2%2Fmedia&parent=88"}],"curies":[{"name":"wp","href":"https:\/\/api.w.org\/{rel}","templated":true}]}}